{"id":819,"date":"2024-01-31T05:27:47","date_gmt":"2024-01-31T04:27:47","guid":{"rendered":"https:\/\/www.leonardogm.com\/?page_id=819"},"modified":"2024-02-03T21:05:41","modified_gmt":"2024-02-03T20:05:41","slug":"prensa","status":"publish","type":"page","link":"https:\/\/www.leonardogm.com\/es\/prensa\/","title":{"rendered":"Prensa"},"content":{"rendered":"<p>[et_pb_section fb_built=\u00bb1&#8243; _builder_version=\u00bb4.24.0&#8243; _module_preset=\u00bbdefault\u00bb background_color=\u00bbRGBA(255,255,255,0)\u00bb custom_margin=\u00bb0px||0px||false|false\u00bb custom_padding=\u00bb0px||0px||false|false\u00bb global_colors_info=\u00bb{}\u00bb][et_pb_row _builder_version=\u00bb4.24.0&#8243; _module_preset=\u00bbdefault\u00bb custom_margin=\u00bb0px||0px||true|false\u00bb custom_padding=\u00bb||0px||false|false\u00bb global_colors_info=\u00bb{}\u00bb][et_pb_column type=\u00bb4_4&#8243; _builder_version=\u00bb4.23&#8243; _module_preset=\u00bbdefault\u00bb global_colors_info=\u00bb{}\u00bb][et_pb_text _builder_version=\u00bb4.24.0&#8243; _dynamic_attributes=\u00bblink_option_url\u00bb _module_preset=\u00bbdefault\u00bb text_font=\u00bb||||||||\u00bb header_font=\u00bbRaleway|200|||||||\u00bb header_text_align=\u00bbright\u00bb header_text_color=\u00bb#FFFFFF\u00bb header_font_size=\u00bb62px\u00bb header_letter_spacing=\u00bb-3px\u00bb custom_margin=\u00bb0px||6px||false|false\u00bb custom_padding=\u00bb0px||||false|false\u00bb link_option_url=\u00bb@ET-DC@eyJkeW5hbWljIjp0cnVlLCJjb250ZW50IjoiaG9tZV91cmwiLCJzZXR0aW5ncyI6e319@\u00bb header_font_size_tablet=\u00bb51px\u00bb header_font_size_phone=\u00bb41px\u00bb header_font_size_last_edited=\u00bbon|desktop\u00bb global_colors_info=\u00bb{}\u00bb]<\/p>\n<h1>Leonardo Godoy-M\u00fchsam<\/h1>\n<p>[\/et_pb_text][\/et_pb_column][\/et_pb_row][\/et_pb_section][et_pb_section fb_built=\u00bb1&#8243; _builder_version=\u00bb4.24.0&#8243; _module_preset=\u00bbdefault\u00bb background_color=\u00bbRGBA(255,255,255,0)\u00bb custom_margin=\u00bb0px||||false|false\u00bb custom_padding=\u00bb0px||0px||false|false\u00bb global_colors_info=\u00bb{}\u00bb][et_pb_row column_structure=\u00bb3_4,1_4&#8243; _builder_version=\u00bb4.24.0&#8243; _module_preset=\u00bbdefault\u00bb global_colors_info=\u00bb{}\u00bb][et_pb_column type=\u00bb3_4&#8243; _builder_version=\u00bb4.24.0&#8243; _module_preset=\u00bbdefault\u00bb global_colors_info=\u00bb{}\u00bb][et_pb_menu menu_id=\u00bb15&#8243; active_link_color=\u00bb#ba6b18&#8243; dropdown_menu_bg_color=\u00bb#000000&#8243; dropdown_menu_line_color=\u00bb#BA6B18&#8243; dropdown_menu_text_color=\u00bb#FFFFFF\u00bb dropdown_menu_active_link_color=\u00bb#E02B20&#8243; mobile_menu_bg_color=\u00bb#000000&#8243; mobile_menu_text_color=\u00bb#FFFFFF\u00bb menu_icon_font_size=\u00bb36px\u00bb _builder_version=\u00bb4.24.0&#8243; _module_preset=\u00bbdefault\u00bb menu_font=\u00bb|||on|||||\u00bb menu_text_color=\u00bb#FFFFFF\u00bb background_color=\u00bbRGBA(255,255,255,0)\u00bb text_orientation=\u00bbright\u00bb global_colors_info=\u00bb{}\u00bb][\/et_pb_menu][\/et_pb_column][et_pb_column type=\u00bb1_4&#8243; _builder_version=\u00bb4.24.0&#8243; _module_preset=\u00bbdefault\u00bb custom_padding=\u00bb0px|0px|0px|0px|false|false\u00bb global_colors_info=\u00bb{}\u00bb][et_pb_sidebar area=\u00bbsidebar-7&#8243; _builder_version=\u00bb4.24.0&#8243; _module_preset=\u00bbdefault\u00bb custom_margin=\u00bb-7px||||false|false\u00bb custom_margin_tablet=\u00bb-95px||||false|false\u00bb custom_margin_phone=\u00bb-95px||||false|false\u00bb custom_margin_last_edited=\u00bbon|desktop\u00bb custom_padding=\u00bb0px||0px||false|false\u00bb hover_enabled=\u00bb0&#8243; global_colors_info=\u00bb{}\u00bb sticky_enabled=\u00bb0&#8243;][\/et_pb_sidebar][\/et_pb_column][\/et_pb_row][et_pb_row _builder_version=\u00bb4.24.0&#8243; _module_preset=\u00bbdefault\u00bb custom_margin=\u00bb0px||0px||true|false\u00bb custom_padding=\u00bb0px||0px||true|false\u00bb global_colors_info=\u00bb{}\u00bb][et_pb_column type=\u00bb4_4&#8243; _builder_version=\u00bb4.24.0&#8243; _module_preset=\u00bbdefault\u00bb custom_padding=\u00bb0px||0px||true|false\u00bb global_colors_info=\u00bb{}\u00bb][et_pb_text _builder_version=\u00bb4.24.0&#8243; text_font=\u00bb||||||||\u00bb text_font_size=\u00bb16px\u00bb text_line_height=\u00bb1.6em\u00bb header_font=\u00bbRaleway|300|||||||\u00bb header_text_color=\u00bb#BA6B18&#8243; header_font_size=\u00bb39px\u00bb header_letter_spacing=\u00bb-0.05em\u00bb header_line_height=\u00bb1.2em\u00bb header_3_text_color=\u00bb#FFFFFF\u00bb header_3_line_height=\u00bb1.5em\u00bb background_layout=\u00bbdark\u00bb custom_margin=\u00bb0px||0px||true|false\u00bb custom_padding=\u00bb0px||20px||false|false\u00bb header_font_size_tablet=\u00bb42px\u00bb header_font_size_phone=\u00bb32px\u00bb header_font_size_last_edited=\u00bbon|desktop\u00bb text_text_shadow_style=\u00bbpreset1&#8243; text_text_shadow_blur_strength=\u00bb2em\u00bb header_text_shadow_style=\u00bbpreset3&#8243; header_text_shadow_color=\u00bbrgba(0,0,0,0.54)\u00bb global_colors_info=\u00bb{}\u00bb]<\/p>\n<h1>Prensa<\/h1>\n<p>[\/et_pb_text][\/et_pb_column][\/et_pb_row][et_pb_row column_structure=\u00bb1_2,1_2&#8243; _builder_version=\u00bb4.24.0&#8243; _module_preset=\u00bbdefault\u00bb module_alignment=\u00bbcenter\u00bb custom_margin=\u00bb10px||10px||true|false\u00bb custom_padding=\u00bb0px||0px||true|false\u00bb global_colors_info=\u00bb{}\u00bb][et_pb_column type=\u00bb1_2&#8243; _builder_version=\u00bb4.24.0&#8243; _module_preset=\u00bbdefault\u00bb custom_padding=\u00bb0px||0px||true|false\u00bb global_colors_info=\u00bb{}\u00bb][et_pb_text _builder_version=\u00bb4.24.0&#8243; text_font=\u00bb|||on|||||\u00bb text_text_color=\u00bbrgba(255,255,255,0.94)\u00bb text_font_size=\u00bb13px\u00bb text_letter_spacing=\u00bb0.03em\u00bb text_line_height=\u00bb23px\u00bb header_font=\u00bbRubik|500|||||||\u00bb header_text_color=\u00bb#FFFFFF\u00bb header_font_size=\u00bb52px\u00bb header_line_height=\u00bb1.2em\u00bb header_2_font=\u00bbRaleway|600|||||||\u00bb header_3_text_color=\u00bb#FFFFFF\u00bb header_3_line_height=\u00bb1.5em\u00bb background_layout=\u00bbdark\u00bb custom_margin=\u00bb||30px||false|false\u00bb custom_padding=\u00bb||||false|false\u00bb custom_padding_tablet=\u00bb||30px||false|false\u00bb custom_padding_phone=\u00bb||30px||false|false\u00bb custom_padding_last_edited=\u00bbon|phone\u00bb header_font_size_tablet=\u00bb42px\u00bb header_font_size_phone=\u00bb32px\u00bb header_font_size_last_edited=\u00bbon|desktop\u00bb text_text_shadow_style=\u00bbpreset1&#8243; text_text_shadow_blur_strength=\u00bb2em\u00bb header_text_shadow_style=\u00bbpreset3&#8243; header_text_shadow_color=\u00bbrgba(0,0,0,0.54)\u00bb global_colors_info=\u00bb{}\u00bb]<\/p>\n<h2>Paris Backstage<\/h2>\n<p>Rubrique bimensu\u00e8lle de 4 pages dans la revue Ambientes d&#8217;Architecture et Design (www.revistambientes.cl), ou j&#8217;\u00e9cris, dessine, et photographie sorte de \u00abcontes urbains\u00bb sur Paris, la ville ou j&#8217;habite.<\/p>\n<p>[\/et_pb_text][\/et_pb_column][et_pb_column type=\u00bb1_2&#8243; _builder_version=\u00bb4.24.0&#8243; _module_preset=\u00bbdefault\u00bb global_colors_info=\u00bb{}\u00bb][et_pb_text _builder_version=\u00bb4.24.0&#8243; text_font=\u00bb|||on|||||\u00bb text_text_color=\u00bbrgba(255,255,255,0.94)\u00bb text_font_size=\u00bb13px\u00bb text_letter_spacing=\u00bb0.03em\u00bb text_line_height=\u00bb23px\u00bb header_font=\u00bbRubik|500|||||||\u00bb header_text_color=\u00bb#FFFFFF\u00bb header_font_size=\u00bb52px\u00bb header_line_height=\u00bb1.2em\u00bb header_2_font=\u00bbRaleway|600|||||||\u00bb header_3_text_color=\u00bb#FFFFFF\u00bb header_3_line_height=\u00bb1.5em\u00bb text_orientation=\u00bbright\u00bb background_layout=\u00bbdark\u00bb custom_margin=\u00bb||30px||false|false\u00bb custom_padding=\u00bb3px||||false|false\u00bb custom_padding_tablet=\u00bb||30px||false|false\u00bb custom_padding_phone=\u00bb||30px||false|false\u00bb custom_padding_last_edited=\u00bbon|phone\u00bb header_font_size_tablet=\u00bb42px\u00bb header_font_size_phone=\u00bb32px\u00bb header_font_size_last_edited=\u00bbon|desktop\u00bb text_text_shadow_style=\u00bbpreset1&#8243; text_text_shadow_blur_strength=\u00bb2em\u00bb header_text_shadow_style=\u00bbpreset3&#8243; header_text_shadow_color=\u00bbrgba(0,0,0,0.54)\u00bb global_colors_info=\u00bb{}\u00bb]<\/p>\n<h2>La Revue Ambientes<\/h2>\n<p>Pr\u00e9stigieuse publication chilienne ( papier et webb) d\u00e9die sa couverture et un reportage de son oeuvre la plus r\u00e9cente \u00e0 Leonardo Godoy M\u00fchsam, dans son \u00e9dition sp\u00e9ciale de son 15eme anniversaire. Quinze ann\u00e9es d\u00e9di\u00e9es \u00e0 la publication du meilleur design, art et architecture universelle.<\/p>\n<p>[\/et_pb_text][\/et_pb_column][\/et_pb_row][\/et_pb_section][et_pb_section fb_built=\u00bb1&#8243; _builder_version=\u00bb4.24.0&#8243; _module_preset=\u00bbdefault\u00bb background_color=\u00bbRGBA(255,255,255,0)\u00bb custom_margin=\u00bb0px||0px||true|false\u00bb custom_padding=\u00bb0px||0px||true|false\u00bb global_colors_info=\u00bb{}\u00bb][et_pb_row column_structure=\u00bb1_6,1_6,1_6,1_2&#8243; use_custom_gutter=\u00bbon\u00bb gutter_width=\u00bb2&#8243; make_equal=\u00bbon\u00bb _builder_version=\u00bb4.24.0&#8243; _module_preset=\u00bbdefault\u00bb global_colors_info=\u00bb{}\u00bb][et_pb_column type=\u00bb1_6&#8243; _builder_version=\u00bb4.24.0&#8243; _module_preset=\u00bbdefault\u00bb global_colors_info=\u00bb{}\u00bb][et_pb_text _builder_version=\u00bb4.24.0&#8243; _module_preset=\u00bbdefault\u00bb text_font=\u00bbRaleway||||||||\u00bb text_text_color=\u00bb#FFFFFF\u00bb global_colors_info=\u00bb{}\u00bb]<\/p>\n<p><a href=\"https:\/\/www.leonardogm.com\/wp-content\/uploads\/2024\/01\/paris_back_stage_1.pdf\" target=\"_blank\" rel=\"noopener\"><img loading=\"lazy\" decoding=\"async\" src=\"https:\/\/www.leonardogm.com\/wp-content\/uploads\/2024\/01\/pari_1.jpg\" width=\"120\" height=\"145\" alt=\"\" class=\"wp-image-540 alignnone size-full\" \/><\/a><br \/>PBS1<br \/>Barrios<\/p>\n<p>[\/et_pb_text][et_pb_text _builder_version=\u00bb4.24.0&#8243; _module_preset=\u00bbdefault\u00bb text_font=\u00bbRaleway||||||||\u00bb text_text_color=\u00bb#FFFFFF\u00bb global_colors_info=\u00bb{}\u00bb]<\/p>\n<p><a href=\"https:\/\/www.leonardogm.com\/wp-content\/uploads\/2024\/01\/paris_back_stage_4.pdf\" target=\"_blank\" rel=\"noopener\"><img loading=\"lazy\" decoding=\"async\" src=\"https:\/\/www.leonardogm.com\/wp-content\/uploads\/2024\/01\/pbs_4.png\" width=\"120\" height=\"144\" alt=\"\" class=\"wp-image-564 alignnone size-full\" \/><\/a><br \/>PBS4<br \/>Parques y Bares<\/p>\n<p>[\/et_pb_text][\/et_pb_column][et_pb_column type=\u00bb1_6&#8243; _builder_version=\u00bb4.24.0&#8243; _module_preset=\u00bbdefault\u00bb global_colors_info=\u00bb{}\u00bb][et_pb_text _builder_version=\u00bb4.24.0&#8243; _module_preset=\u00bbdefault\u00bb text_font=\u00bbRaleway||||||||\u00bb text_text_color=\u00bb#FFFFFF\u00bb global_colors_info=\u00bb{}\u00bb]<\/p>\n<p><a href=\"https:\/\/www.leonardogm.com\/wp-content\/uploads\/2024\/01\/paris_back_stage_2.pdf\" target=\"_blank\" rel=\"noopener\"><img loading=\"lazy\" decoding=\"async\" src=\"https:\/\/www.leonardogm.com\/wp-content\/uploads\/2024\/01\/pbs_2.png\" width=\"115\" height=\"145\" alt=\"\" class=\"wp-image-556 alignnone size-full\" \/><\/a><br \/>PBS2<br \/>Mlle Zoe<\/p>\n<p>[\/et_pb_text][et_pb_text _builder_version=\u00bb4.24.0&#8243; _module_preset=\u00bbdefault\u00bb text_font=\u00bbRaleway||||||||\u00bb text_text_color=\u00bb#FFFFFF\u00bb global_colors_info=\u00bb{}\u00bb]<\/p>\n<p><a href=\"https:\/\/www.leonardogm.com\/wp-content\/uploads\/2024\/01\/paris_back_stage_5.pdf\" target=\"_blank\" rel=\"noopener\"><img loading=\"lazy\" decoding=\"async\" src=\"https:\/\/www.leonardogm.com\/wp-content\/uploads\/2024\/01\/pbs_5.jpg\" width=\"120\" height=\"145\" alt=\"\" class=\"wp-image-567 alignnone size-full\" \/><\/a><br \/>PBS5<br \/>Metamorfosis<\/p>\n<p>[\/et_pb_text][\/et_pb_column][et_pb_column type=\u00bb1_6&#8243; _builder_version=\u00bb4.24.0&#8243; _module_preset=\u00bbdefault\u00bb global_colors_info=\u00bb{}\u00bb][et_pb_text _builder_version=\u00bb4.24.0&#8243; _module_preset=\u00bbdefault\u00bb text_font=\u00bbRaleway||||||||\u00bb text_text_color=\u00bb#FFFFFF\u00bb global_colors_info=\u00bb{}\u00bb]<\/p>\n<p><a href=\"https:\/\/www.leonardogm.com\/wp-content\/uploads\/2024\/01\/paris_back_stage_3.pdf\" target=\"_blank\" rel=\"noopener\"><img loading=\"lazy\" decoding=\"async\" src=\"https:\/\/www.leonardogm.com\/wp-content\/uploads\/2024\/01\/pbs_3.png\" width=\"119\" height=\"145\" alt=\"\" class=\"wp-image-559 alignnone size-full\" \/><\/a><br \/>PBS3<br \/>El Louvre<\/p>\n<p>[\/et_pb_text][et_pb_text _builder_version=\u00bb4.24.0&#8243; _module_preset=\u00bbdefault\u00bb text_font=\u00bbRaleway||||||||\u00bb text_text_color=\u00bb#FFFFFF\u00bb global_colors_info=\u00bb{}\u00bb]<\/p>\n<p><a href=\"https:\/\/www.leonardogm.com\/wp-content\/uploads\/2024\/01\/paris_back_stage_6.pdf\" target=\"_blank\" rel=\"noopener\"><img loading=\"lazy\" decoding=\"async\" src=\"https:\/\/www.leonardogm.com\/wp-content\/uploads\/2024\/01\/pbs_6.jpg\" width=\"120\" height=\"145\" alt=\"\" class=\"wp-image-571 alignnone size-full\" \/><\/a><br \/>PBS6<br \/>Belleza Exotica<\/p>\n<p>[\/et_pb_text][\/et_pb_column][et_pb_column type=\u00bb1_2&#8243; _builder_version=\u00bb4.24.0&#8243; _module_preset=\u00bbdefault\u00bb global_colors_info=\u00bb{}\u00bb][et_pb_image src=\u00bbhttps:\/\/www.leonardogm.com\/wp-content\/uploads\/2024\/01\/portada_90_b.jpg\u00bb title_text=\u00bbportada_90_b\u00bb align=\u00bbright\u00bb _builder_version=\u00bb4.24.0&#8243; _module_preset=\u00bbdefault\u00bb global_colors_info=\u00bb{}\u00bb][\/et_pb_image][\/et_pb_column][\/et_pb_row][\/et_pb_section]<\/p>\n","protected":false},"excerpt":{"rendered":"<p>Leonardo Godoy-M\u00fchsamPrensaParis Backstage Rubrique bimensu\u00e8lle de 4 pages dans la revue Ambientes d&#8217;Architecture et Design (www.revistambientes.cl), ou j&#8217;\u00e9cris, dessine, et photographie sorte de \u00abcontes urbains\u00bb sur Paris, la ville ou j&#8217;habite.La Revue Ambientes Pr\u00e9stigieuse publication chilienne ( papier et webb) d\u00e9die sa couverture et un reportage de son oeuvre la plus r\u00e9cente \u00e0 Leonardo Godoy [&hellip;]<\/p>\n","protected":false},"author":1,"featured_media":0,"parent":0,"menu_order":0,"comment_status":"closed","ping_status":"closed","template":"","meta":{"_et_pb_use_builder":"on","_et_pb_old_content":"","_et_gb_content_width":"","footnotes":""},"class_list":["post-819","page","type-page","status-publish","hentry"],"_links":{"self":[{"href":"https:\/\/www.leonardogm.com\/es\/wp-json\/wp\/v2\/pages\/819","targetHints":{"allow":["GET"]}}],"collection":[{"href":"https:\/\/www.leonardogm.com\/es\/wp-json\/wp\/v2\/pages"}],"about":[{"href":"https:\/\/www.leonardogm.com\/es\/wp-json\/wp\/v2\/types\/page"}],"author":[{"embeddable":true,"href":"https:\/\/www.leonardogm.com\/es\/wp-json\/wp\/v2\/users\/1"}],"replies":[{"embeddable":true,"href":"https:\/\/www.leonardogm.com\/es\/wp-json\/wp\/v2\/comments?post=819"}],"version-history":[{"count":4,"href":"https:\/\/www.leonardogm.com\/es\/wp-json\/wp\/v2\/pages\/819\/revisions"}],"predecessor-version":[{"id":856,"href":"https:\/\/www.leonardogm.com\/es\/wp-json\/wp\/v2\/pages\/819\/revisions\/856"}],"wp:attachment":[{"href":"https:\/\/www.leonardogm.com\/es\/wp-json\/wp\/v2\/media?parent=819"}],"curies":[{"name":"wp","href":"https:\/\/api.w.org\/{rel}","templated":true}]}}